{"id":1161,"date":"2018-03-15T20:45:41","date_gmt":"2018-03-15T20:45:41","guid":{"rendered":"http:\/\/www.weinhof-stopfer.at\/?page_id=1161"},"modified":"2022-12-20T12:47:07","modified_gmt":"2022-12-20T11:47:07","slug":"agb","status":"publish","type":"page","link":"https:\/\/www.weinhof-stopfer.at\/en\/agb\/","title":{"rendered":"AGB"},"content":{"rendered":"<div class=\"vc_row wpb_row vc_row-fluid\"><div class=\"wpb_column vc_column_container vc_col-sm-12\"><div class=\"vc_column-inner\"><div class=\"wpb_wrapper\">\n\t<div class=\"wpb_text_column wpb_content_element\" >\n\t\t<div class=\"wpb_wrapper\">\n\t\t\t<p>Allgemeine Gesch\u00e4ftsbedingungen Weinhof Thomas Stopfer<\/p>\n<p>Inhaber: Thomas Stopfer<\/p>\n<p>Mobiltelefon: 0043 676 666 11 88<\/p>\n<p>E-Mail: office@weinhof-stopfer.at<\/p>\n<p>Weinhof: A-3701 Ruppersthal 41, Region Wagram,<br \/>\nNieder\u00f6sterreich, Austria<\/p>\n<p>GELTUNGSBEREICH<\/p>\n<p>Diese Allgemeinen Gesch\u00e4ftsbedingungen gelten f\u00fcr alle Gesch\u00e4ftsbeziehungen zwischen dem Besteller und Weinhof Thomas Stopfer, in der zum Zeitpunkt der Bestellung g\u00fcltigen Fassung. Mit dem Absenden der Bestellung erkl\u00e4rt sich der Besteller ausdr\u00fccklich mit den AGB s einverstanden und ist an diese gebunden. Weinhof Thomas Stopfer ist verpflichtet die Bestellungen anzunehmen. Lediglich bei Druck- und Rechenfehlern im Programm des Weinshops oder im Falle der Nichtverf\u00fcgbarkeit des bestellten Produkts beh\u00e4lt sich Weinhof Thomas Stopfer das R\u00fccktrittsrecht vom Vertrage vor.<\/p>\n<p>Unser Weinangebot richtet sich ausschlie\u00dflich an Personen, die das gesetzliche Mindestalter f\u00fcr den Erwerb und Konsum dieser Produkte \u00fcberschritten haben. In \u00d6sterreich ist das gesetzliche Mindestalter f\u00fcr den Erwerb und Konsum von Wein 16 Jahre, f\u00fcr den Erwerb und Konsum von Spirituosen 18 Jahre.<\/p>\n<p>LIEFERUNG<\/p>\n<p>Alle Lieferungen erfolgen ab Weinhof Thomas Stopfer (Adresse siehe oben) an die vom Besteller angegebene Adresse.<br \/>\nLieferungen innerhalb von \u00d6sterreich und Deutschland erfolgen zu den unten angef\u00fchrten Versandspesen.<br \/>\nLieferungen ins Ausland (au\u00dfer Deutschland) nur auf Anfrage!<br \/>\nDie Lieferung kann mittels Paketdienst, Spedition oder pers\u00f6nlich erfolgen.<br \/>\nVersendet wird in Einheiten zu 6 Flaschen oder einem Vielfachen davon.<\/p>\n<p>ZAHLUNG UND F\u00c4LLIGKEIT<\/p>\n<p>Die Zahlung kann auf Rechnung, per Vorkasse erfolgen. Bei Kauf auf Rechnung ist der Rechnungsbetrag bei Erhalt der Ware f\u00e4llig.<br \/>\nF\u00fcr die Bestellung von gr\u00f6\u00dferen Mengen nehmen Sie mit uns Kontakt auf damit wir Ihnen ein entsprechendes Angebot unterbreiten k\u00f6nnen.<\/p>\n<p>EIGENTUMSVORBEHALT<\/p>\n<p>Bis zur vollst\u00e4ndigen Bezahlung des Kaufpreises und allf\u00e4lliger Nebengeb\u00fchren bleibt die gelieferte Ware im Eigentum von Weinhof Thomas Stopfer.<\/p>\n\n\t\t<\/div>\n\t<\/div>\n<\/div><\/div><\/div><\/div>","protected":false},"excerpt":{"rendered":"Allgemeine Gesch\u00e4ftsbedingungen Weinhof Thomas Stopfer Inhaber: Thomas Stopfer Mobiltelefon: 0043 676 666 11 88 E-Mail: office@weinhof-stopfer.at Weinhof: A-3701 Ruppersthal 41, Region Wagram, Nieder\u00f6sterreich, Austria GELTUNGSBEREICH Diese Allgemeinen Gesch\u00e4ftsbedingungen gelten f\u00fcr<br class=\"read-more-spacer\"> <a class=\"more-link\" href=\"https:\/\/www.weinhof-stopfer.at\/en\/agb\/\">Read More<\/a>","protected":false},"author":1,"featured_media":0,"parent":0,"menu_order":0,"comment_status":"closed","ping_status":"closed","template":"","meta":{"footnotes":""},"class_list":["post-1161","page","type-page","status-publish","hentry"],"acf":[],"_links":{"self":[{"href":"https:\/\/www.weinhof-stopfer.at\/en\/wp-json\/wp\/v2\/pages\/1161","targetHints":{"allow":["GET"]}}],"collection":[{"href":"https:\/\/www.weinhof-stopfer.at\/en\/wp-json\/wp\/v2\/pages"}],"about":[{"href":"https:\/\/www.weinhof-stopfer.at\/en\/wp-json\/wp\/v2\/types\/page"}],"author":[{"embeddable":true,"href":"https:\/\/www.weinhof-stopfer.at\/en\/wp-json\/wp\/v2\/users\/1"}],"replies":[{"embeddable":true,"href":"https:\/\/www.weinhof-stopfer.at\/en\/wp-json\/wp\/v2\/comments?post=1161"}],"version-history":[{"count":0,"href":"https:\/\/www.weinhof-stopfer.at\/en\/wp-json\/wp\/v2\/pages\/1161\/revisions"}],"wp:attachment":[{"href":"https:\/\/www.weinhof-stopfer.at\/en\/wp-json\/wp\/v2\/media?parent=1161"}],"curies":[{"name":"wp","href":"https:\/\/api.w.org\/{rel}","templated":true}]}}