{"id":1351,"date":"2020-05-07T18:56:20","date_gmt":"2020-05-07T16:56:20","guid":{"rendered":"http:\/\/www.weinhof-stopfer.at\/?post_type=product&#038;p=1351"},"modified":"2026-01-31T21:33:21","modified_gmt":"2026-01-31T20:33:21","slug":"frizzante-vom-grunen-veltliner","status":"publish","type":"product","link":"https:\/\/www.weinhof-stopfer.at\/en\/product\/frizzante-vom-grunen-veltliner\/","title":{"rendered":"Frizzante vom Gr\u00fcnen Veltliner"},"content":{"rendered":"","protected":false},"excerpt":{"rendered":"<p>Ein etwas anderer Frizzante, Gelbe Fr\u00fcchte und pfeffrig in der Nase\u2028am Gaumen eine feine W\u00fcrze gepr\u00e4gt vom L\u00f6ssboden, am Gaumen Struktur gepaart mit einer feinen Kohlens\u00e4ure.<\/p>","protected":false},"featured_media":1729,"template":"","meta":[],"product_brand":[],"product_cat":[15],"product_tag":[],"class_list":{"0":"post-1351","1":"product","2":"type-product","3":"status-publish","4":"has-post-thumbnail","6":"product_cat-classic","8":"first","9":"instock","10":"shipping-taxable","11":"purchasable","12":"product-type-simple"},"acf":[],"_links":{"self":[{"href":"https:\/\/www.weinhof-stopfer.at\/en\/wp-json\/wp\/v2\/product\/1351","targetHints":{"allow":["GET"]}}],"collection":[{"href":"https:\/\/www.weinhof-stopfer.at\/en\/wp-json\/wp\/v2\/product"}],"about":[{"href":"https:\/\/www.weinhof-stopfer.at\/en\/wp-json\/wp\/v2\/types\/product"}],"wp:featuredmedia":[{"embeddable":true,"href":"https:\/\/www.weinhof-stopfer.at\/en\/wp-json\/wp\/v2\/media\/1729"}],"wp:attachment":[{"href":"https:\/\/www.weinhof-stopfer.at\/en\/wp-json\/wp\/v2\/media?parent=1351"}],"wp:term":[{"taxonomy":"product_brand","embeddable":true,"href":"https:\/\/www.weinhof-stopfer.at\/en\/wp-json\/wp\/v2\/product_brand?post=1351"},{"taxonomy":"product_cat","embeddable":true,"href":"https:\/\/www.weinhof-stopfer.at\/en\/wp-json\/wp\/v2\/product_cat?post=1351"},{"taxonomy":"product_tag","embeddable":true,"href":"https:\/\/www.weinhof-stopfer.at\/en\/wp-json\/wp\/v2\/product_tag?post=1351"}],"curies":[{"name":"wp","href":"https:\/\/api.w.org\/{rel}","templated":true}]}}